{"id":431,"date":"2023-01-27T11:07:39","date_gmt":"2023-01-27T10:07:39","guid":{"rendered":"https:\/\/bsc-samurai-marburg.de\/WP\/?page_id=431"},"modified":"2026-02-02T09:25:51","modified_gmt":"2026-02-02T08:25:51","slug":"trainingsorte","status":"publish","type":"page","link":"https:\/\/bsc-samurai-marburg.de\/WP\/trainingsorte\/","title":{"rendered":"Trainingsorte"},"content":{"rendered":"<style>.elementor-431 .elementor-element.elementor-element-66dc1e7 > .elementor-container{max-width:1200px;}.elementor-431 .elementor-element.elementor-element-66dc1e7:not(.elementor-motion-effects-element-type-background), .elementor-431 .elementor-element.elementor-element-66dc1e7 > .elementor-motion-effects-container > .elementor-motion-effects-layer{background-image:url(\"https:\/\/bsc-samurai-marburg.de\/WP\/wp-content\/uploads\/2022\/12\/empty-concrete-background-texture-surface-XU2PDK4.jpg\");background-position:top center;background-repeat:no-repeat;background-size:cover;}.elementor-431 .elementor-element.elementor-element-66dc1e7 > .elementor-background-overlay{background-color:var( --e-global-color-45bcc5b );opacity:0.69;transition:background 0.3s, border-radius 0.3s, opacity 0.3s;}.elementor-431 .elementor-element.elementor-element-66dc1e7{border-style:solid;border-width:0px 50px 0px 50px;transition:background 0.3s, border 0.3s, border-radius 0.3s, box-shadow 0.3s;padding:30px 0px 30px 0px;}.elementor-431 .elementor-element.elementor-element-b20d83f{text-align:center;}.elementor-431 .elementor-element.elementor-element-b20d83f .elementor-heading-title{color:var( --e-global-color-a660f96 );}.elementor-431 .elementor-element.elementor-element-1ac89b0 .elementor-icon-list-items:not(.elementor-inline-items) .elementor-icon-list-item:not(:last-child){padding-block-end:calc(15px\/2);}.elementor-431 .elementor-element.elementor-element-1ac89b0 .elementor-icon-list-items:not(.elementor-inline-items) .elementor-icon-list-item:not(:first-child){margin-block-start:calc(15px\/2);}.elementor-431 .elementor-element.elementor-element-1ac89b0 .elementor-icon-list-items.elementor-inline-items .elementor-icon-list-item{margin-inline:calc(15px\/2);}.elementor-431 .elementor-element.elementor-element-1ac89b0 .elementor-icon-list-items.elementor-inline-items{margin-inline:calc(-15px\/2);}.elementor-431 .elementor-element.elementor-element-1ac89b0 .elementor-icon-list-items.elementor-inline-items .elementor-icon-list-item:after{inset-inline-end:calc(-15px\/2);}.elementor-431 .elementor-element.elementor-element-1ac89b0 .elementor-icon-list-icon i{color:var( --e-global-color-accent );transition:color 0.3s;}.elementor-431 .elementor-element.elementor-element-1ac89b0 .elementor-icon-list-icon svg{fill:var( --e-global-color-accent );transition:fill 0.3s;}.elementor-431 .elementor-element.elementor-element-1ac89b0{--e-icon-list-icon-size:6px;--icon-vertical-offset:0px;}.elementor-431 .elementor-element.elementor-element-1ac89b0 .elementor-icon-list-icon{padding-inline-end:10px;}.elementor-431 .elementor-element.elementor-element-1ac89b0 .elementor-icon-list-text{color:var( --e-global-color-d498ef1 );transition:color 0.3s;}.elementor-431 .elementor-element.elementor-element-a1cc6d7{overflow:hidden;transition:background 0.3s, border 0.3s, border-radius 0.3s, box-shadow 0.3s;padding:100px 0px 100px 0px;}.elementor-431 .elementor-element.elementor-element-a1cc6d7 > .elementor-background-overlay{background-color:var( --e-global-color-0bd7bf8 );opacity:0.99;transition:background 0.3s, border-radius 0.3s, opacity 0.3s;}.elementor-431 .elementor-element.elementor-element-e253f93 > .elementor-element-populated{margin:0px 0px 0px 0px;--e-column-margin-right:0px;--e-column-margin-left:0px;padding:0px 0px 0px 0px;}.elementor-431 .elementor-element.elementor-element-bb2cf9f{text-align:center;}.elementor-431 .elementor-element.elementor-element-bb2cf9f .elementor-heading-title{font-family:\"Noto Sans JP\", Sans-serif;font-size:1.3rem;font-weight:600;text-transform:none;line-height:1em;color:var( --e-global-color-34da2f3 );}.elementor-431 .elementor-element.elementor-element-bb2cf9f > .elementor-widget-container{margin:0px 0px -15px 0px;}.elementor-431 .elementor-element.elementor-element-08b264a{text-align:center;}.elementor-431 .elementor-element.elementor-element-08b264a .elementor-heading-title{text-transform:none;}.elementor-431 .elementor-element.elementor-element-08b264a > .elementor-widget-container{padding:0px 200px 0px 200px;}.elementor-431 .elementor-element.elementor-element-0490762{padding:40px 0px 0px 0px;}.elementor-431 .elementor-element.elementor-element-b62c475 > .elementor-element-populated{box-shadow:0px 21px 22px -9px rgba(0, 0, 0, 0.13);transition:background 0.3s, border 0.3s, border-radius 0.3s, box-shadow 0.3s;margin:0px 20px 0px 0px;--e-column-margin-right:20px;--e-column-margin-left:0px;padding:50px 50px 50px 50px;}.elementor-431 .elementor-element.elementor-element-b62c475 > .elementor-element-populated > .elementor-background-overlay{transition:background 0.3s, border-radius 0.3s, opacity 0.3s;}.elementor-431 .elementor-element.elementor-element-72fbd08 .elementor-icon-box-wrapper{align-items:start;gap:15px;}.elementor-431 .elementor-element.elementor-element-91c6c0b .elementor-icon-box-wrapper{align-items:start;gap:15px;}.elementor-431 .elementor-element.elementor-element-ad96568 > .elementor-element-populated{box-shadow:0px 21px 22px -9px rgba(0, 0, 0, 0.13);transition:background 0.3s, border 0.3s, border-radius 0.3s, box-shadow 0.3s;margin:0px 20px 0px 0px;--e-column-margin-right:20px;--e-column-margin-left:0px;padding:0px 0px 0px 0px;}.elementor-431 .elementor-element.elementor-element-ad96568 > .elementor-element-populated > .elementor-background-overlay{transition:background 0.3s, border-radius 0.3s, opacity 0.3s;}:root{--page-title-display:none;}@media(max-width:1024px){.elementor-431 .elementor-element.elementor-element-66dc1e7{border-width:0px 20px 0px 20px;margin-top:0px;margin-bottom:0px;padding:80px 10px 80px 10px;}.elementor-431 .elementor-element.elementor-element-a1cc6d7{padding:100px 30px 100px 30px;}.elementor-431 .elementor-element.elementor-element-bb2cf9f .elementor-heading-title{font-size:1rem;}}@media(max-width:767px){.elementor-431 .elementor-element.elementor-element-66dc1e7 > .elementor-container{max-width:1209px;}.elementor-431 .elementor-element.elementor-element-66dc1e7:not(.elementor-motion-effects-element-type-background), .elementor-431 .elementor-element.elementor-element-66dc1e7 > .elementor-motion-effects-container > .elementor-motion-effects-layer{background-position:top center;background-size:cover;}.elementor-431 .elementor-element.elementor-element-66dc1e7{border-width:0px 15px 0px 15px;margin-top:0px;margin-bottom:0px;padding:25px 0px 25px 0px;}.elementor-431 .elementor-element.elementor-element-1ac89b0 .elementor-icon-list-items:not(.elementor-inline-items) .elementor-icon-list-item:not(:last-child){padding-block-end:calc(10px\/2);}.elementor-431 .elementor-element.elementor-element-1ac89b0 .elementor-icon-list-items:not(.elementor-inline-items) .elementor-icon-list-item:not(:first-child){margin-block-start:calc(10px\/2);}.elementor-431 .elementor-element.elementor-element-1ac89b0 .elementor-icon-list-items.elementor-inline-items .elementor-icon-list-item{margin-inline:calc(10px\/2);}.elementor-431 .elementor-element.elementor-element-1ac89b0 .elementor-icon-list-items.elementor-inline-items{margin-inline:calc(-10px\/2);}.elementor-431 .elementor-element.elementor-element-1ac89b0 .elementor-icon-list-items.elementor-inline-items .elementor-icon-list-item:after{inset-inline-end:calc(-10px\/2);}.elementor-431 .elementor-element.elementor-element-1ac89b0 > .elementor-widget-container{margin:-5px 0px 0px 0px;}.elementor-431 .elementor-element.elementor-element-a1cc6d7{padding:30px 20px 50px 20px;}.elementor-431 .elementor-element.elementor-element-bb2cf9f .elementor-heading-title{font-size:1rem;}.elementor-431 .elementor-element.elementor-element-08b264a > .elementor-widget-container{padding:0px 0px 0px 0px;}.elementor-431 .elementor-element.elementor-element-0490762{padding:0px 0px 0px 0px;}.elementor-431 .elementor-element.elementor-element-b62c475 > .elementor-element-populated{margin:0px 0px 30px 0px;--e-column-margin-right:0px;--e-column-margin-left:0px;padding:30px 0px 30px 0px;}.elementor-431 .elementor-element.elementor-element-ad96568 > .elementor-element-populated{margin:0px 0px 30px 0px;--e-column-margin-right:0px;--e-column-margin-left:0px;}}<\/style>\t\t<div data-elementor-type=\"wp-page\" data-elementor-id=\"431\" class=\"elementor elementor-431\" data-elementor-post-type=\"page\">\n\t\t\t\t\t\t<section class=\"elementor-section elementor-top-section elementor-element elementor-element-66dc1e7 elementor-section-boxed elementor-section-height-default elementor-section-height-default\" data-id=\"66dc1e7\" data-element_type=\"section\" data-e-type=\"section\" data-settings=\"{&quot;background_background&quot;:&quot;classic&quot;}\">\n\t\t\t\t\t\t\t<div class=\"elementor-background-overlay\"><\/div>\n\t\t\t\t\t\t\t<div class=\"elementor-container elementor-column-gap-default\">\n\t\t\t\t\t<div class=\"elementor-column elementor-col-100 elementor-top-column elementor-element elementor-element-2d12f75\" data-id=\"2d12f75\" data-element_type=\"column\" data-e-type=\"column\">\n\t\t\t<div class=\"elementor-widget-wrap elementor-element-populated\">\n\t\t\t\t\t\t<div class=\"elementor-element elementor-element-b20d83f elementor-widget elementor-widget-heading\" data-id=\"b20d83f\" data-element_type=\"widget\" data-e-type=\"widget\" data-widget_type=\"heading.default\">\n\t\t\t\t<div class=\"elementor-widget-container\">\n\t\t\t\t\t<h2 class=\"elementor-heading-title elementor-size-default\">Trainingsorte<\/h2>\t\t\t\t<\/div>\n\t\t\t\t<\/div>\n\t\t\t\t<div class=\"elementor-element elementor-element-1ac89b0 elementor-icon-list--layout-inline elementor-align-center elementor-mobile-align-center elementor-list-item-link-full_width elementor-widget elementor-widget-icon-list\" data-id=\"1ac89b0\" data-element_type=\"widget\" data-e-type=\"widget\" data-widget_type=\"icon-list.default\">\n\t\t\t\t<div class=\"elementor-widget-container\">\n\t\t\t\t\t\t\t<ul class=\"elementor-icon-list-items elementor-inline-items\">\n\t\t\t\t\t\t\t<li class=\"elementor-icon-list-item elementor-inline-item\">\n\t\t\t\t\t\t\t\t\t\t<span class=\"elementor-icon-list-text\">Sportangebot<\/span>\n\t\t\t\t\t\t\t\t\t<\/li>\n\t\t\t\t\t\t\t\t<li class=\"elementor-icon-list-item elementor-inline-item\">\n\t\t\t\t\t\t\t\t\t\t\t<span class=\"elementor-icon-list-icon\">\n\t\t\t\t\t\t\t<i aria-hidden=\"true\" class=\"fas fa-circle\"><\/i>\t\t\t\t\t\t<\/span>\n\t\t\t\t\t\t\t\t\t\t<span class=\"elementor-icon-list-text\">Trainingsorte<\/span>\n\t\t\t\t\t\t\t\t\t<\/li>\n\t\t\t\t\t\t<\/ul>\n\t\t\t\t\t\t<\/div>\n\t\t\t\t<\/div>\n\t\t\t\t\t<\/div>\n\t\t<\/div>\n\t\t\t\t\t<\/div>\n\t\t<\/section>\n\t\t\t\t<section class=\"elementor-section elementor-top-section elementor-element elementor-element-a1cc6d7 elementor-section-boxed elementor-section-height-default elementor-section-height-default\" data-id=\"a1cc6d7\" data-element_type=\"section\" data-e-type=\"section\" data-settings=\"{&quot;background_background&quot;:&quot;classic&quot;}\">\n\t\t\t\t\t\t\t<div class=\"elementor-background-overlay\"><\/div>\n\t\t\t\t\t\t\t<div class=\"elementor-container elementor-column-gap-default\">\n\t\t\t\t\t<div class=\"elementor-column elementor-col-100 elementor-top-column elementor-element elementor-element-e253f93\" data-id=\"e253f93\" data-element_type=\"column\" data-e-type=\"column\">\n\t\t\t<div class=\"elementor-widget-wrap elementor-element-populated\">\n\t\t\t\t\t\t<div class=\"elementor-element elementor-element-bb2cf9f elementor-invisible elementor-widget elementor-widget-heading\" data-id=\"bb2cf9f\" data-element_type=\"widget\" data-e-type=\"widget\" data-settings=\"{&quot;_animation&quot;:&quot;fadeInUp&quot;}\" data-widget_type=\"heading.default\">\n\t\t\t\t<div class=\"elementor-widget-container\">\n\t\t\t\t\t<h2 class=\"elementor-heading-title elementor-size-default\">Hier findet Ihr uns<\/h2>\t\t\t\t<\/div>\n\t\t\t\t<\/div>\n\t\t\t\t<div class=\"elementor-element elementor-element-08b264a elementor-invisible elementor-widget elementor-widget-heading\" data-id=\"08b264a\" data-element_type=\"widget\" data-e-type=\"widget\" data-settings=\"{&quot;_animation&quot;:&quot;fadeInUp&quot;}\" data-widget_type=\"heading.default\">\n\t\t\t\t<div class=\"elementor-widget-container\">\n\t\t\t\t\t<h3 class=\"elementor-heading-title elementor-size-default\">Wir trainieren in den Hallen der Kaufm\u00e4nnischen Berufsschule, auf dem Gel\u00e4nde des Georg-Ga\u00dfmann-Stadions in Marburg<\/h3>\t\t\t\t<\/div>\n\t\t\t\t<\/div>\n\t\t\t\t<section class=\"elementor-section elementor-inner-section elementor-element elementor-element-0490762 elementor-section-boxed elementor-section-height-default elementor-section-height-default\" data-id=\"0490762\" data-element_type=\"section\" data-e-type=\"section\">\n\t\t\t\t\t\t<div class=\"elementor-container elementor-column-gap-default\">\n\t\t\t\t\t<div class=\"elementor-column elementor-col-50 elementor-inner-column elementor-element elementor-element-b62c475 elementor-invisible\" data-id=\"b62c475\" data-element_type=\"column\" data-e-type=\"column\" data-settings=\"{&quot;background_background&quot;:&quot;classic&quot;,&quot;animation&quot;:&quot;fadeInUp&quot;}\">\n\t\t\t<div class=\"elementor-widget-wrap elementor-element-populated\">\n\t\t\t\t\t\t<div class=\"elementor-element elementor-element-72fbd08 elementor-position-inline-start elementor-view-default elementor-mobile-position-block-start elementor-widget elementor-widget-icon-box\" data-id=\"72fbd08\" data-element_type=\"widget\" data-e-type=\"widget\" data-widget_type=\"icon-box.default\">\n\t\t\t\t<div class=\"elementor-widget-container\">\n\t\t\t\t\t\t\t<div class=\"elementor-icon-box-wrapper\">\n\n\t\t\t\t\t\t<div class=\"elementor-icon-box-icon\">\n\t\t\t\t<span  class=\"elementor-icon\">\n\t\t\t\t<i aria-hidden=\"true\" class=\"fas fa-search-location\"><\/i>\t\t\t\t<\/span>\n\t\t\t<\/div>\n\t\t\t\n\t\t\t\t\t\t<div class=\"elementor-icon-box-content\">\n\n\t\t\t\t\t\t\t\t\t<h3 class=\"elementor-icon-box-title\">\n\t\t\t\t\t\t<span  >\n\t\t\t\t\t\t\tAdresse\t\t\t\t\t\t<\/span>\n\t\t\t\t\t<\/h3>\n\t\t\t\t\n\t\t\t\t\t\t\t\t\t<p class=\"elementor-icon-box-description\">\n\t\t\t\t\t\t<b>Gro\u00dfsporthalle Kfm.-Schulen \/ Georg-Ga\u00dfmann-Stadion<\/b><br>\nLeopold-Lucas-Stra\u00dfe 15<br>\n35037 Marburg\t\t\t\t\t<\/p>\n\t\t\t\t\n\t\t\t<\/div>\n\t\t\t\n\t\t<\/div>\n\t\t\t\t\t\t<\/div>\n\t\t\t\t<\/div>\n\t\t\t\t<div class=\"elementor-element elementor-element-91c6c0b elementor-position-inline-start elementor-view-default elementor-mobile-position-block-start elementor-widget elementor-widget-icon-box\" data-id=\"91c6c0b\" data-element_type=\"widget\" data-e-type=\"widget\" data-widget_type=\"icon-box.default\">\n\t\t\t\t<div class=\"elementor-widget-container\">\n\t\t\t\t\t\t\t<div class=\"elementor-icon-box-wrapper\">\n\n\t\t\t\t\t\t<div class=\"elementor-icon-box-icon\">\n\t\t\t\t<span  class=\"elementor-icon\">\n\t\t\t\t<i aria-hidden=\"true\" class=\"fas fa-search-location\"><\/i>\t\t\t\t<\/span>\n\t\t\t<\/div>\n\t\t\t\n\t\t\t\t\t\t<div class=\"elementor-icon-box-content\">\n\n\t\t\t\t\t\t\t\t\t<h3 class=\"elementor-icon-box-title\">\n\t\t\t\t\t\t<span  >\n\t\t\t\t\t\t\tWeitere Adressen:\t\t\t\t\t\t<\/span>\n\t\t\t\t\t<\/h3>\n\t\t\t\t\n\t\t\t\t\t\t\t\t\t<p class=\"elementor-icon-box-description\">\n\t\t\t\t\t\t<b>Sensomotorisches Koordinationstraining:<\/b><br>\nSporthalle der Rehaklinik Sonnenblick<br> Am\u00f6neburger Stra\u00dfe 1<br>\n35043 Marburg<br><br>\n<b>Trimm-dich-Pfad:<\/b><br>\nTrimm-dich-Pfad Hansenhaus<br>nahe Sonnenblickallee 15<br>35039 Marburg\t\t\t\t\t<\/p>\n\t\t\t\t\n\t\t\t<\/div>\n\t\t\t\n\t\t<\/div>\n\t\t\t\t\t\t<\/div>\n\t\t\t\t<\/div>\n\t\t\t\t\t<\/div>\n\t\t<\/div>\n\t\t\t\t<div class=\"elementor-column elementor-col-50 elementor-inner-column elementor-element elementor-element-ad96568 elementor-invisible\" data-id=\"ad96568\" data-element_type=\"column\" data-e-type=\"column\" data-settings=\"{&quot;background_background&quot;:&quot;classic&quot;,&quot;animation&quot;:&quot;fadeInUp&quot;}\">\n\t\t\t<div class=\"elementor-widget-wrap elementor-element-populated\">\n\t\t\t\t\t\t<div class=\"elementor-element elementor-element-6b6fd99 elementor-widget elementor-widget-image\" data-id=\"6b6fd99\" data-element_type=\"widget\" data-e-type=\"widget\" data-widget_type=\"image.default\">\n\t\t\t\t<div class=\"elementor-widget-container\">\n\t\t\t\t\t\t\t\t\t\t\t\t\t\t\t<img fetchpriority=\"high\" decoding=\"async\" width=\"800\" height=\"549\" src=\"https:\/\/bsc-samurai-marburg.de\/WP\/wp-content\/uploads\/2026\/02\/GGS-1.png\" class=\"attachment-large size-large wp-image-1788\" alt=\"\" srcset=\"https:\/\/bsc-samurai-marburg.de\/WP\/wp-content\/uploads\/2026\/02\/GGS-1.png 1006w, https:\/\/bsc-samurai-marburg.de\/WP\/wp-content\/uploads\/2026\/02\/GGS-1-300x206.png 300w, https:\/\/bsc-samurai-marburg.de\/WP\/wp-content\/uploads\/2026\/02\/GGS-1-768x527.png 768w\" sizes=\"(max-width: 800px) 100vw, 800px\" \/>\t\t\t\t\t\t\t\t\t\t\t\t\t\t\t<\/div>\n\t\t\t\t<\/div>\n\t\t\t\t\t<\/div>\n\t\t<\/div>\n\t\t\t\t\t<\/div>\n\t\t<\/section>\n\t\t\t\t\t<\/div>\n\t\t<\/div>\n\t\t\t\t\t<\/div>\n\t\t<\/section>\n\t\t\t\t<\/div>\n\t\t","protected":false},"excerpt":{"rendered":"<p>Sportangebot Hier findet Ihr uns Wir trainieren in den Hallen der Kaufm\u00e4nnischen Berufsschule, auf dem Gel\u00e4nde des Georg-Ga\u00dfmann-Stadions in Marburg Adresse Gro\u00dfsporthalle Kfm.-Schulen \/ Georg-Ga\u00dfmann-Stadion Leopold-Lucas-Stra\u00dfe 15 35037 Marburg Weitere Adressen: Sensomotorisches Koordinationstraining: Sporthalle der Rehaklinik Sonnenblick Am\u00f6neburger Stra\u00dfe 1 35043 Marburg Trimm-dich-Pfad: Trimm-dich-Pfad Hansenhausnahe Sonnenblickallee 1535039 Marburg<\/p>\n","protected":false},"author":5680,"featured_media":0,"parent":0,"menu_order":0,"comment_status":"closed","ping_status":"closed","template":"","meta":{"footnotes":""},"class_list":["post-431","page","type-page","status-publish","hentry"],"_links":{"self":[{"href":"https:\/\/bsc-samurai-marburg.de\/WP\/wp-json\/wp\/v2\/pages\/431","targetHints":{"allow":["GET"]}}],"collection":[{"href":"https:\/\/bsc-samurai-marburg.de\/WP\/wp-json\/wp\/v2\/pages"}],"about":[{"href":"https:\/\/bsc-samurai-marburg.de\/WP\/wp-json\/wp\/v2\/types\/page"}],"author":[{"embeddable":true,"href":"https:\/\/bsc-samurai-marburg.de\/WP\/wp-json\/wp\/v2\/users\/5680"}],"replies":[{"embeddable":true,"href":"https:\/\/bsc-samurai-marburg.de\/WP\/wp-json\/wp\/v2\/comments?post=431"}],"version-history":[{"count":28,"href":"https:\/\/bsc-samurai-marburg.de\/WP\/wp-json\/wp\/v2\/pages\/431\/revisions"}],"predecessor-version":[{"id":1791,"href":"https:\/\/bsc-samurai-marburg.de\/WP\/wp-json\/wp\/v2\/pages\/431\/revisions\/1791"}],"wp:attachment":[{"href":"https:\/\/bsc-samurai-marburg.de\/WP\/wp-json\/wp\/v2\/media?parent=431"}],"curies":[{"name":"wp","href":"https:\/\/api.w.org\/{rel}","templated":true}]}}